{"id":69,"date":"2016-09-24T10:58:30","date_gmt":"2016-09-24T13:58:30","guid":{"rendered":"http:\/\/widu.digital:8080\/about\/"},"modified":"2023-05-06T13:05:10","modified_gmt":"2023-05-06T16:05:10","slug":"inicio","status":"publish","type":"page","link":"http:\/\/widu.digital\/english\/","title":{"rendered":"Home"},"content":{"rendered":"<div id=\"cs-content\" class=\"cs-content\"><\/div>","protected":false},"excerpt":{"rendered":"<p>Gestion&aacute;, control&aacute; y optimiz&aacute; los procesos de tu empresa.Software para la gesti\u00f3n de empresas vinculadas al sector minero petrolero, log\u00edstico y m\u00e1s, ya que los procesos son de aplicaci\u00f3n en la gesti\u00f3n empresarial. Seguridad y backup permanentes para garantizar una mejor experiencia de usuario.Incorpora varios m&oacute;dulos que trabajan en conjunto con todas las variables, brindando informaci&oacute;n y estad&iacute;sticas en tiempo &#8230; <\/p>\n<div><a href=\"http:\/\/widu.digital\/english\/\" class=\"more-link\">Read More<\/a><\/div>","protected":false},"author":2,"featured_media":0,"parent":0,"menu_order":0,"comment_status":"closed","ping_status":"closed","template":"template-blank-4.php","meta":{"footnotes":""},"_links":{"self":[{"href":"http:\/\/widu.digital\/english\/wp-json\/wp\/v2\/pages\/69"}],"collection":[{"href":"http:\/\/widu.digital\/english\/wp-json\/wp\/v2\/pages"}],"about":[{"href":"http:\/\/widu.digital\/english\/wp-json\/wp\/v2\/types\/page"}],"author":[{"embeddable":true,"href":"http:\/\/widu.digital\/english\/wp-json\/wp\/v2\/users\/2"}],"replies":[{"embeddable":true,"href":"http:\/\/widu.digital\/english\/wp-json\/wp\/v2\/comments?post=69"}],"version-history":[{"count":8,"href":"http:\/\/widu.digital\/english\/wp-json\/wp\/v2\/pages\/69\/revisions"}],"predecessor-version":[{"id":142,"href":"http:\/\/widu.digital\/english\/wp-json\/wp\/v2\/pages\/69\/revisions\/142"}],"wp:attachment":[{"href":"http:\/\/widu.digital\/english\/wp-json\/wp\/v2\/media?parent=69"}],"curies":[{"name":"wp","href":"https:\/\/api.w.org\/{rel}","templated":true}]}}