{"id":136,"date":"2023-05-05T15:24:20","date_gmt":"2023-05-05T18:24:20","guid":{"rendered":"http:\/\/widu.digital:8080\/about-2\/"},"modified":"2023-05-05T15:24:20","modified_gmt":"2023-05-05T18:24:20","slug":"about-2","status":"publish","type":"page","link":"http:\/\/widu.digital\/english\/about-2\/","title":{"rendered":"About (Copy)"},"content":{"rendered":"<div id=\"cs-content\" class=\"cs-content\"><\/div>","protected":false},"excerpt":{"rendered":"<p>Gestion&aacute;, control&aacute; y optimiz&aacute; los procesos de tu empresa.Software para la gesti\u00f3n de empresas vinculadas al sector minero petrolero, log\u00edstico y m\u00e1s, ya que los procesos son de aplicaci\u00f3n en la gesti\u00f3n empresarial. Seguridad y backup permanentes para garantizar una mejor experiencia de usuario.Incorpora varios m&oacute;dulos que trabajan en conjunto con todas las variables, brindando informaci&oacute;n y estad&iacute;sticas en tiempo &#8230; <\/p>\n<div><a href=\"http:\/\/widu.digital\/english\/about-2\/\" class=\"more-link\">Read More<\/a><\/div>","protected":false},"author":1,"featured_media":0,"parent":0,"menu_order":0,"comment_status":"closed","ping_status":"closed","template":"template-blank-4.php","meta":{"footnotes":""},"_links":{"self":[{"href":"http:\/\/widu.digital\/english\/wp-json\/wp\/v2\/pages\/136"}],"collection":[{"href":"http:\/\/widu.digital\/english\/wp-json\/wp\/v2\/pages"}],"about":[{"href":"http:\/\/widu.digital\/english\/wp-json\/wp\/v2\/types\/page"}],"author":[{"embeddable":true,"href":"http:\/\/widu.digital\/english\/wp-json\/wp\/v2\/users\/1"}],"replies":[{"embeddable":true,"href":"http:\/\/widu.digital\/english\/wp-json\/wp\/v2\/comments?post=136"}],"version-history":[{"count":1,"href":"http:\/\/widu.digital\/english\/wp-json\/wp\/v2\/pages\/136\/revisions"}],"predecessor-version":[{"id":137,"href":"http:\/\/widu.digital\/english\/wp-json\/wp\/v2\/pages\/136\/revisions\/137"}],"wp:attachment":[{"href":"http:\/\/widu.digital\/english\/wp-json\/wp\/v2\/media?parent=136"}],"curies":[{"name":"wp","href":"https:\/\/api.w.org\/{rel}","templated":true}]}}